{"id":1055,"date":"2022-12-12T11:00:33","date_gmt":"2022-12-12T11:00:33","guid":{"rendered":"https:\/\/www.strago.com\/?post_type=product&#038;p=1055"},"modified":"2022-12-12T11:00:36","modified_gmt":"2022-12-12T11:00:36","slug":"nombre-de-madera-marcasitios-con-iman","status":"publish","type":"product","link":"https:\/\/www.strago.com\/index.php\/product\/nombre-de-madera-marcasitios-con-iman\/","title":{"rendered":"NOMBRE DE MADERA (MARCASITIOS) CON IM\u00c1N"},"content":{"rendered":"","protected":false},"excerpt":{"rendered":"<p>Nombres de madera de 3mm de espesor cortados a l\u00e1ser con im\u00e1n.<\/p>\n<p>Env\u00edanos tu nombre a strago@strago.com y crearemos el marcasitio personalizado.<\/p>\n","protected":false},"featured_media":1056,"comment_status":"closed","ping_status":"closed","template":"","meta":{"_uag_custom_page_level_css":"","site-sidebar-layout":"default","site-content-layout":"default","ast-global-header-display":"","ast-main-header-display":"","ast-hfb-above-header-display":"","ast-hfb-below-header-display":"","ast-hfb-mobile-header-display":"","site-post-title":"","ast-breadcrumbs-content":"","ast-featured-img":"","footer-sml-layout":"","theme-transparent-header-meta":"default","adv-header-id-meta":"","stick-header-meta":"","header-above-stick-meta":"","header-main-stick-meta":"","header-below-stick-meta":""},"product_cat":[47],"product_tag":[],"yoast_head":"<!-- This site is optimized with the Yoast SEO plugin v19.11 - https:\/\/yoast.com\/wordpress\/plugins\/seo\/ -->\n<title>NOMBRE DE MADERA (MARCASITIOS) CON IM\u00c1N - STRAGO<\/title>\n<meta name=\"robots\" content=\"index, follow, max-snippet:-1, max-image-preview:large, max-video-preview:-1\" \/>\n<link rel=\"canonical\" href=\"https:\/\/www.strago.com\/index.php\/product\/nombre-de-madera-marcasitios-con-iman\/\" \/>\n<meta property=\"og:locale\" content=\"es_ES\" \/>\n<meta property=\"og:type\" content=\"article\" \/>\n<meta property=\"og:title\" content=\"NOMBRE DE MADERA (MARCASITIOS) CON IM\u00c1N - STRAGO\" \/>\n<meta property=\"og:description\" content=\"Nombres de madera de 3mm de espesor cortados a l\u00e1ser con im\u00e1n.  Env\u00edanos tu nombre a strago@strago.com y crearemos el marcasitio personalizado.\" \/>\n<meta property=\"og:url\" content=\"https:\/\/www.strago.com\/index.php\/product\/nombre-de-madera-marcasitios-con-iman\/\" \/>\n<meta property=\"og:site_name\" content=\"STRAGO\" \/>\n<meta property=\"article:modified_time\" content=\"2022-12-12T11:00:36+00:00\" \/>\n<meta property=\"og:image\" content=\"https:\/\/www.strago.com\/wp-content\/uploads\/2022\/12\/20221212_115011-scaled.jpg\" \/>\n\t<meta property=\"og:image:width\" content=\"2560\" \/>\n\t<meta property=\"og:image:height\" content=\"2311\" \/>\n\t<meta property=\"og:image:type\" content=\"image\/jpeg\" \/>\n<meta name=\"twitter:card\" content=\"summary_large_image\" \/>\n<script type=\"application\/ld+json\" class=\"yoast-schema-graph\">{\"@context\":\"https:\/\/schema.org\",\"@graph\":[{\"@type\":\"WebPage\",\"@id\":\"https:\/\/www.strago.com\/index.php\/product\/nombre-de-madera-marcasitios-con-iman\/\",\"url\":\"https:\/\/www.strago.com\/index.php\/product\/nombre-de-madera-marcasitios-con-iman\/\",\"name\":\"NOMBRE DE MADERA (MARCASITIOS) CON IM\u00c1N - STRAGO\",\"isPartOf\":{\"@id\":\"https:\/\/www.strago.com\/#website\"},\"datePublished\":\"2022-12-12T11:00:33+00:00\",\"dateModified\":\"2022-12-12T11:00:36+00:00\",\"breadcrumb\":{\"@id\":\"https:\/\/www.strago.com\/index.php\/product\/nombre-de-madera-marcasitios-con-iman\/#breadcrumb\"},\"inLanguage\":\"es\",\"potentialAction\":[{\"@type\":\"ReadAction\",\"target\":[\"https:\/\/www.strago.com\/index.php\/product\/nombre-de-madera-marcasitios-con-iman\/\"]}]},{\"@type\":\"BreadcrumbList\",\"@id\":\"https:\/\/www.strago.com\/index.php\/product\/nombre-de-madera-marcasitios-con-iman\/#breadcrumb\",\"itemListElement\":[{\"@type\":\"ListItem\",\"position\":1,\"name\":\"Home\",\"item\":\"https:\/\/www.strago.com\/\"},{\"@type\":\"ListItem\",\"position\":2,\"name\":\"NOMBRE DE MADERA (MARCASITIOS) CON IM\u00c1N\"}]},{\"@type\":\"WebSite\",\"@id\":\"https:\/\/www.strago.com\/#website\",\"url\":\"https:\/\/www.strago.com\/\",\"name\":\"STRAGO\",\"description\":\"\",\"publisher\":{\"@id\":\"https:\/\/www.strago.com\/#organization\"},\"potentialAction\":[{\"@type\":\"SearchAction\",\"target\":{\"@type\":\"EntryPoint\",\"urlTemplate\":\"https:\/\/www.strago.com\/?s={search_term_string}\"},\"query-input\":\"required name=search_term_string\"}],\"inLanguage\":\"es\"},{\"@type\":\"Organization\",\"@id\":\"https:\/\/www.strago.com\/#organization\",\"name\":\"STRAGO\",\"url\":\"https:\/\/www.strago.com\/\",\"logo\":{\"@type\":\"ImageObject\",\"inLanguage\":\"es\",\"@id\":\"https:\/\/www.strago.com\/#\/schema\/logo\/image\/\",\"url\":\"https:\/\/www.strago.com\/wp-content\/uploads\/2022\/09\/cropped-LOGOTIPO-3.png\",\"contentUrl\":\"https:\/\/www.strago.com\/wp-content\/uploads\/2022\/09\/cropped-LOGOTIPO-3.png\",\"width\":178,\"height\":178,\"caption\":\"STRAGO\"},\"image\":{\"@id\":\"https:\/\/www.strago.com\/#\/schema\/logo\/image\/\"}}]}<\/script>\n<!-- \/ Yoast SEO plugin. -->","yoast_head_json":{"title":"NOMBRE DE MADERA (MARCASITIOS) CON IM\u00c1N - STRAGO","robots":{"index":"index","follow":"follow","max-snippet":"max-snippet:-1","max-image-preview":"max-image-preview:large","max-video-preview":"max-video-preview:-1"},"canonical":"https:\/\/www.strago.com\/index.php\/product\/nombre-de-madera-marcasitios-con-iman\/","og_locale":"es_ES","og_type":"article","og_title":"NOMBRE DE MADERA (MARCASITIOS) CON IM\u00c1N - STRAGO","og_description":"Nombres de madera de 3mm de espesor cortados a l\u00e1ser con im\u00e1n.  Env\u00edanos tu nombre a strago@strago.com y crearemos el marcasitio personalizado.","og_url":"https:\/\/www.strago.com\/index.php\/product\/nombre-de-madera-marcasitios-con-iman\/","og_site_name":"STRAGO","article_modified_time":"2022-12-12T11:00:36+00:00","og_image":[{"width":2560,"height":2311,"url":"https:\/\/www.strago.com\/wp-content\/uploads\/2022\/12\/20221212_115011-scaled.jpg","type":"image\/jpeg"}],"twitter_card":"summary_large_image","schema":{"@context":"https:\/\/schema.org","@graph":[{"@type":"WebPage","@id":"https:\/\/www.strago.com\/index.php\/product\/nombre-de-madera-marcasitios-con-iman\/","url":"https:\/\/www.strago.com\/index.php\/product\/nombre-de-madera-marcasitios-con-iman\/","name":"NOMBRE DE MADERA (MARCASITIOS) CON IM\u00c1N - STRAGO","isPartOf":{"@id":"https:\/\/www.strago.com\/#website"},"datePublished":"2022-12-12T11:00:33+00:00","dateModified":"2022-12-12T11:00:36+00:00","breadcrumb":{"@id":"https:\/\/www.strago.com\/index.php\/product\/nombre-de-madera-marcasitios-con-iman\/#breadcrumb"},"inLanguage":"es","potentialAction":[{"@type":"ReadAction","target":["https:\/\/www.strago.com\/index.php\/product\/nombre-de-madera-marcasitios-con-iman\/"]}]},{"@type":"BreadcrumbList","@id":"https:\/\/www.strago.com\/index.php\/product\/nombre-de-madera-marcasitios-con-iman\/#breadcrumb","itemListElement":[{"@type":"ListItem","position":1,"name":"Home","item":"https:\/\/www.strago.com\/"},{"@type":"ListItem","position":2,"name":"NOMBRE DE MADERA (MARCASITIOS) CON IM\u00c1N"}]},{"@type":"WebSite","@id":"https:\/\/www.strago.com\/#website","url":"https:\/\/www.strago.com\/","name":"STRAGO","description":"","publisher":{"@id":"https:\/\/www.strago.com\/#organization"},"potentialAction":[{"@type":"SearchAction","target":{"@type":"EntryPoint","urlTemplate":"https:\/\/www.strago.com\/?s={search_term_string}"},"query-input":"required name=search_term_string"}],"inLanguage":"es"},{"@type":"Organization","@id":"https:\/\/www.strago.com\/#organization","name":"STRAGO","url":"https:\/\/www.strago.com\/","logo":{"@type":"ImageObject","inLanguage":"es","@id":"https:\/\/www.strago.com\/#\/schema\/logo\/image\/","url":"https:\/\/www.strago.com\/wp-content\/uploads\/2022\/09\/cropped-LOGOTIPO-3.png","contentUrl":"https:\/\/www.strago.com\/wp-content\/uploads\/2022\/09\/cropped-LOGOTIPO-3.png","width":178,"height":178,"caption":"STRAGO"},"image":{"@id":"https:\/\/www.strago.com\/#\/schema\/logo\/image\/"}}]}},"uagb_featured_image_src":{"full":["https:\/\/www.strago.com\/wp-content\/uploads\/2022\/12\/20221212_115011-scaled.jpg",2560,2311,false],"thumbnail":["https:\/\/www.strago.com\/wp-content\/uploads\/2022\/12\/20221212_115011-150x150.jpg",150,150,true],"medium":["https:\/\/www.strago.com\/wp-content\/uploads\/2022\/12\/20221212_115011-300x271.jpg",300,271,true],"medium_large":["https:\/\/www.strago.com\/wp-content\/uploads\/2022\/12\/20221212_115011-768x693.jpg",768,693,true],"large":["https:\/\/www.strago.com\/wp-content\/uploads\/2022\/12\/20221212_115011-1024x924.jpg",1024,924,true],"1536x1536":["https:\/\/www.strago.com\/wp-content\/uploads\/2022\/12\/20221212_115011-1536x1387.jpg",1536,1387,true],"2048x2048":["https:\/\/www.strago.com\/wp-content\/uploads\/2022\/12\/20221212_115011-2048x1849.jpg",2048,1849,true],"woocommerce_thumbnail":["https:\/\/www.strago.com\/wp-content\/uploads\/2022\/12\/20221212_115011-300x300.jpg",300,300,true],"woocommerce_single":["https:\/\/www.strago.com\/wp-content\/uploads\/2022\/12\/20221212_115011-600x542.jpg",600,542,true],"woocommerce_gallery_thumbnail":["https:\/\/www.strago.com\/wp-content\/uploads\/2022\/12\/20221212_115011-100x100.jpg",100,100,true],"variation_swatches_image_size":["https:\/\/www.strago.com\/wp-content\/uploads\/2022\/12\/20221212_115011-50x50.jpg",50,50,true],"variation_swatches_tooltip_size":["https:\/\/www.strago.com\/wp-content\/uploads\/2022\/12\/20221212_115011-100x100.jpg",100,100,true],"ppec_logo_image_size":["https:\/\/www.strago.com\/wp-content\/uploads\/2022\/12\/20221212_115011-66x60.jpg",66,60,true],"ppec_header_image_size":["https:\/\/www.strago.com\/wp-content\/uploads\/2022\/12\/20221212_115011-100x90.jpg",100,90,true]},"uagb_author_info":{"display_name":"jose","author_link":"https:\/\/www.strago.com\/index.php\/author\/"},"uagb_comment_info":0,"uagb_excerpt":"Nombres de madera de 3mm de espesor cortados a l\u00e1ser con im\u00e1n. Env\u00edanos tu nombre a strago@strago.com y crearemos el marcasitio personalizado.","_links":{"self":[{"href":"https:\/\/www.strago.com\/index.php\/wp-json\/wp\/v2\/product\/1055"}],"collection":[{"href":"https:\/\/www.strago.com\/index.php\/wp-json\/wp\/v2\/product"}],"about":[{"href":"https:\/\/www.strago.com\/index.php\/wp-json\/wp\/v2\/types\/product"}],"replies":[{"embeddable":true,"href":"https:\/\/www.strago.com\/index.php\/wp-json\/wp\/v2\/comments?post=1055"}],"version-history":[{"count":1,"href":"https:\/\/www.strago.com\/index.php\/wp-json\/wp\/v2\/product\/1055\/revisions"}],"predecessor-version":[{"id":1058,"href":"https:\/\/www.strago.com\/index.php\/wp-json\/wp\/v2\/product\/1055\/revisions\/1058"}],"wp:featuredmedia":[{"embeddable":true,"href":"https:\/\/www.strago.com\/index.php\/wp-json\/wp\/v2\/media\/1056"}],"wp:attachment":[{"href":"https:\/\/www.strago.com\/index.php\/wp-json\/wp\/v2\/media?parent=1055"}],"wp:term":[{"taxonomy":"product_cat","embeddable":true,"href":"https:\/\/www.strago.com\/index.php\/wp-json\/wp\/v2\/product_cat?post=1055"},{"taxonomy":"product_tag","embeddable":true,"href":"https:\/\/www.strago.com\/index.php\/wp-json\/wp\/v2\/product_tag?post=1055"}],"curies":[{"name":"wp","href":"https:\/\/api.w.org\/{rel}","templated":true}]}}